{"id":124,"date":"2025-03-03T16:46:12","date_gmt":"2025-03-03T16:46:12","guid":{"rendered":"https:\/\/jcarrionconstrucciones.es\/?page_id=124"},"modified":"2025-03-06T15:12:40","modified_gmt":"2025-03-06T15:12:40","slug":"nuestros-servicios","status":"publish","type":"page","link":"https:\/\/jcarrionconstrucciones.es\/?page_id=124","title":{"rendered":"Nuestros Servicios"},"content":{"rendered":"\t\t<div data-elementor-type=\"wp-page\" data-elementor-id=\"124\" class=\"elementor elementor-124\">\n\t\t\t\t<div class=\"elementor-element elementor-element-a3d36e1 e-con-full e-flex e-con e-parent\" data-id=\"a3d36e1\" data-element_type=\"container\" data-settings=\"{&quot;background_background&quot;:&quot;classic&quot;}\">\n\t\t\t\t<div class=\"elementor-element elementor-element-3d78d8f elementor-widget__width-inherit elementor-widget elementor-widget-heading\" data-id=\"3d78d8f\" data-element_type=\"widget\" data-widget_type=\"heading.default\">\n\t\t\t\t<div class=\"elementor-widget-container\">\n\t\t\t\t\t<h2 class=\"elementor-heading-title elementor-size-default\">Nuestros Servicios<\/h2>\t\t\t\t<\/div>\n\t\t\t\t<\/div>\n\t\t\t\t<\/div>\n\t\t<div class=\"elementor-element elementor-element-caa8a5b e-grid e-con-boxed e-con e-parent\" data-id=\"caa8a5b\" data-element_type=\"container\">\n\t\t\t\t\t<div class=\"e-con-inner\">\n\t\t\t\t<div class=\"elementor-element elementor-element-7d498a0 elementor-widget elementor-widget-image\" data-id=\"7d498a0\" data-element_type=\"widget\" data-widget_type=\"image.default\">\n\t\t\t\t<div class=\"elementor-widget-container\">\n\t\t\t\t\t\t\t\t\t\t\t\t\t\t\t<img fetchpriority=\"high\" decoding=\"async\" width=\"800\" height=\"533\" src=\"https:\/\/jcarrionconstrucciones.es\/wp-content\/uploads\/2025\/03\/obra-nueva.webp\" class=\"attachment-large size-large wp-image-129\" alt=\"\" srcset=\"https:\/\/jcarrionconstrucciones.es\/wp-content\/uploads\/2025\/03\/obra-nueva.webp 800w, https:\/\/jcarrionconstrucciones.es\/wp-content\/uploads\/2025\/03\/obra-nueva-300x200.webp 300w, https:\/\/jcarrionconstrucciones.es\/wp-content\/uploads\/2025\/03\/obra-nueva-768x512.webp 768w\" sizes=\"(max-width: 800px) 100vw, 800px\" \/>\t\t\t\t\t\t\t\t\t\t\t\t\t\t\t<\/div>\n\t\t\t\t<\/div>\n\t\t\t\t<div class=\"elementor-element elementor-element-3c94e51 elementor-widget elementor-widget-text-editor\" data-id=\"3c94e51\" data-element_type=\"widget\" data-widget_type=\"text-editor.default\">\n\t\t\t\t<div class=\"elementor-widget-container\">\n\t\t\t\t\t\t\t\t\t<p style=\"text-align: center;\"><span style=\"font-size: 18pt; color: #000000;\"><strong>CONSTRUCCI\u00d3N<\/strong><\/span><\/p><ul><li><span style=\"color: #000000;\"><strong>Obra nueva residencial<\/strong> (viviendas unifamiliares, edificios de apartamentos).<\/span><\/li><li><span style=\"color: #000000;\"><strong>Obra nueva comercial o industrial<\/strong> (naves industriales, oficinas, locales comerciales).<\/span><\/li><li><span style=\"color: #000000;\"><strong>Construcci\u00f3n de estructuras<\/strong> (cimentaciones, estructuras de hormig\u00f3n, acero o madera).<\/span><\/li><\/ul>\t\t\t\t\t\t\t\t<\/div>\n\t\t\t\t<\/div>\n\t\t\t\t<div class=\"elementor-element elementor-element-b3610ef elementor-widget elementor-widget-text-editor\" data-id=\"b3610ef\" data-element_type=\"widget\" data-widget_type=\"text-editor.default\">\n\t\t\t\t<div class=\"elementor-widget-container\">\n\t\t\t\t\t\t\t\t\t<p style=\"text-align: center;\"><span style=\"color: #000000;\"><strong><span style=\"font-size: 18pt;\">REFORMAS<\/span><\/strong><\/span><\/p><ul><li><span style=\"color: #000000;\"><strong>Reformas integrales<\/strong> (modernizaci\u00f3n completa de viviendas, oficinas o locales comerciales).<\/span><\/li><li><span style=\"color: #000000;\"><strong>Reformas parciales<\/strong> (cocinas, ba\u00f1os, fachadas, techos, suelos).<\/span><\/li><li><span style=\"color: #000000;\"><strong>Rehabilitaci\u00f3n de edificios<\/strong> (mejora de estructuras, aislamiento, humedades).<\/span><\/li><li><span style=\"color: #000000;\"><strong>Restauraci\u00f3n de fachadas<\/strong> (pintura, limpieza, reparaci\u00f3n de grietas).<\/span><\/li><li><span style=\"color: #000000;\"><strong>Refuerzos estructurales<\/strong> (consolidaci\u00f3n de muros, vigas y pilares).<\/span><\/li><\/ul>\t\t\t\t\t\t\t\t<\/div>\n\t\t\t\t<\/div>\n\t\t\t\t<div class=\"elementor-element elementor-element-4687b52 elementor-widget elementor-widget-image\" data-id=\"4687b52\" data-element_type=\"widget\" data-widget_type=\"image.default\">\n\t\t\t\t<div class=\"elementor-widget-container\">\n\t\t\t\t\t\t\t\t\t\t\t\t\t\t\t<img decoding=\"async\" width=\"480\" height=\"270\" src=\"https:\/\/jcarrionconstrucciones.es\/wp-content\/uploads\/2025\/03\/REFORMAS_1600X900.jpg\" class=\"attachment-large size-large wp-image-261\" alt=\"\" srcset=\"https:\/\/jcarrionconstrucciones.es\/wp-content\/uploads\/2025\/03\/REFORMAS_1600X900.jpg 480w, https:\/\/jcarrionconstrucciones.es\/wp-content\/uploads\/2025\/03\/REFORMAS_1600X900-300x169.jpg 300w\" sizes=\"(max-width: 480px) 100vw, 480px\" \/>\t\t\t\t\t\t\t\t\t\t\t\t\t\t\t<\/div>\n\t\t\t\t<\/div>\n\t\t\t\t<div class=\"elementor-element elementor-element-7a6aec0 elementor-widget elementor-widget-image\" data-id=\"7a6aec0\" data-element_type=\"widget\" data-widget_type=\"image.default\">\n\t\t\t\t<div class=\"elementor-widget-container\">\n\t\t\t\t\t\t\t\t\t\t\t\t\t\t\t<img decoding=\"async\" width=\"1024\" height=\"576\" src=\"https:\/\/jcarrionconstrucciones.es\/wp-content\/uploads\/2025\/03\/tecnico-en-instalaciones-electricas-y-automaticas-848x449-1-1400x788-1-1024x576.jpg\" class=\"attachment-large size-large wp-image-265\" alt=\"\" srcset=\"https:\/\/jcarrionconstrucciones.es\/wp-content\/uploads\/2025\/03\/tecnico-en-instalaciones-electricas-y-automaticas-848x449-1-1400x788-1-1024x576.jpg 1024w, https:\/\/jcarrionconstrucciones.es\/wp-content\/uploads\/2025\/03\/tecnico-en-instalaciones-electricas-y-automaticas-848x449-1-1400x788-1-300x169.jpg 300w, https:\/\/jcarrionconstrucciones.es\/wp-content\/uploads\/2025\/03\/tecnico-en-instalaciones-electricas-y-automaticas-848x449-1-1400x788-1-768x432.jpg 768w, https:\/\/jcarrionconstrucciones.es\/wp-content\/uploads\/2025\/03\/tecnico-en-instalaciones-electricas-y-automaticas-848x449-1-1400x788-1.jpg 1400w\" sizes=\"(max-width: 1024px) 100vw, 1024px\" \/>\t\t\t\t\t\t\t\t\t\t\t\t\t\t\t<\/div>\n\t\t\t\t<\/div>\n\t\t\t\t<div class=\"elementor-element elementor-element-2c20630 elementor-widget elementor-widget-text-editor\" data-id=\"2c20630\" data-element_type=\"widget\" data-widget_type=\"text-editor.default\">\n\t\t\t\t<div class=\"elementor-widget-container\">\n\t\t\t\t\t\t\t\t\t<p style=\"text-align: center;\"><span style=\"color: #000000; font-size: 18pt;\"><strong>INSTALACIONES Y ACABADOS<\/strong><\/span><\/p><ul><li><span style=\"color: #000000;\"><strong>Fontaner\u00eda y saneamiento<\/strong> (instalaci\u00f3n y reparaci\u00f3n de tuber\u00edas, desag\u00fces, sistemas de agua).<\/span><\/li><li><span style=\"color: #000000;\"><strong>Electricidad y dom\u00f3tica<\/strong> (cableado, iluminaci\u00f3n, automatizaci\u00f3n de viviendas).<\/span><\/li><li><span style=\"color: #000000;\"><strong>Climatizaci\u00f3n y calefacci\u00f3n<\/strong> (instalaci\u00f3n de aire acondicionado, calefacci\u00f3n, ventilaci\u00f3n).<\/span><\/li><li><span style=\"color: #000000;\"><strong>Carpinter\u00eda y cerrajer\u00eda<\/strong> (puertas, ventanas, armarios, cerraduras).<\/span><\/li><li><span style=\"color: #000000;\"><strong>Pintura y revestimientos<\/strong> (pintura interior y exterior, papel tapiz, alicatados).<\/span><\/li><\/ul>\t\t\t\t\t\t\t\t<\/div>\n\t\t\t\t<\/div>\n\t\t\t\t<div class=\"elementor-element elementor-element-4ef27f6 elementor-widget elementor-widget-text-editor\" data-id=\"4ef27f6\" data-element_type=\"widget\" data-widget_type=\"text-editor.default\">\n\t\t\t\t<div class=\"elementor-widget-container\">\n\t\t\t\t\t\t\t\t\t<p style=\"text-align: center;\"><span style=\"color: #000000;\"><strong><span style=\"font-size: 18pt;\">SERVICIOS ESPECIALIZADOS<\/span><\/strong><\/span><\/p><ul><li><span style=\"color: #000000;\"><strong>Impermeabilizaci\u00f3n y aislamiento t\u00e9rmico\/ac\u00fastico<\/strong>.<\/span><\/li><li><span style=\"color: #000000;\"><strong>Trabajos de alba\u00f1iler\u00eda<\/strong> (muros, tabiquer\u00eda, solados y alicatados).<\/span><\/li><li><span style=\"color: #000000;\"><strong>Demoliciones y desescombros<\/strong> (derribos controlados, gesti\u00f3n de residuos).<\/span><\/li><li><span style=\"color: #000000;\"><strong>Dise\u00f1o y planificaci\u00f3n<\/strong> (arquitectura, interiorismo, renders 3<\/span>D).<\/li><\/ul>\t\t\t\t\t\t\t\t<\/div>\n\t\t\t\t<\/div>\n\t\t\t\t<div class=\"elementor-element elementor-element-ce4d17b elementor-widget elementor-widget-image\" data-id=\"ce4d17b\" data-element_type=\"widget\" data-widget_type=\"image.default\">\n\t\t\t\t<div class=\"elementor-widget-container\">\n\t\t\t\t\t\t\t\t\t\t\t\t\t\t\t<img loading=\"lazy\" decoding=\"async\" width=\"1024\" height=\"536\" src=\"https:\/\/jcarrionconstrucciones.es\/wp-content\/uploads\/2025\/03\/Aplicacion-correcta-del-impermeabilizante-1024x536.jpg\" class=\"attachment-large size-large wp-image-144\" alt=\"\" srcset=\"https:\/\/jcarrionconstrucciones.es\/wp-content\/uploads\/2025\/03\/Aplicacion-correcta-del-impermeabilizante-1024x536.jpg 1024w, https:\/\/jcarrionconstrucciones.es\/wp-content\/uploads\/2025\/03\/Aplicacion-correcta-del-impermeabilizante-300x157.jpg 300w, https:\/\/jcarrionconstrucciones.es\/wp-content\/uploads\/2025\/03\/Aplicacion-correcta-del-impermeabilizante-768x402.jpg 768w, https:\/\/jcarrionconstrucciones.es\/wp-content\/uploads\/2025\/03\/Aplicacion-correcta-del-impermeabilizante.jpg 1200w\" sizes=\"(max-width: 1024px) 100vw, 1024px\" \/>\t\t\t\t\t\t\t\t\t\t\t\t\t\t\t<\/div>\n\t\t\t\t<\/div>\n\t\t\t\t<div class=\"elementor-element elementor-element-4f9756e elementor-widget elementor-widget-image\" data-id=\"4f9756e\" data-element_type=\"widget\" data-widget_type=\"image.default\">\n\t\t\t\t<div class=\"elementor-widget-container\">\n\t\t\t\t\t\t\t\t\t\t\t\t\t\t\t<img loading=\"lazy\" decoding=\"async\" width=\"1024\" height=\"683\" src=\"https:\/\/jcarrionconstrucciones.es\/wp-content\/uploads\/2025\/03\/Asesoramiento-Tecnico-1024x683.jpg\" class=\"attachment-large size-large wp-image-152\" alt=\"\" srcset=\"https:\/\/jcarrionconstrucciones.es\/wp-content\/uploads\/2025\/03\/Asesoramiento-Tecnico-1024x683.jpg 1024w, https:\/\/jcarrionconstrucciones.es\/wp-content\/uploads\/2025\/03\/Asesoramiento-Tecnico-300x200.jpg 300w, https:\/\/jcarrionconstrucciones.es\/wp-content\/uploads\/2025\/03\/Asesoramiento-Tecnico-768x512.jpg 768w, https:\/\/jcarrionconstrucciones.es\/wp-content\/uploads\/2025\/03\/Asesoramiento-Tecnico.jpg 1440w\" sizes=\"(max-width: 1024px) 100vw, 1024px\" \/>\t\t\t\t\t\t\t\t\t\t\t\t\t\t\t<\/div>\n\t\t\t\t<\/div>\n\t\t\t\t<div class=\"elementor-element elementor-element-3ce6ac3 elementor-widget elementor-widget-text-editor\" data-id=\"3ce6ac3\" data-element_type=\"widget\" data-widget_type=\"text-editor.default\">\n\t\t\t\t<div class=\"elementor-widget-container\">\n\t\t\t\t\t\t\t\t\t<p style=\"text-align: center;\"><span style=\"color: #000000;\"><strong><span style=\"font-size: 18pt;\">SERVICIOS ADICIONALES<\/span><\/strong><\/span><\/p><ul><li><span style=\"color: #000000;\"><strong>Gesti\u00f3n de licencias y permisos<\/strong> (tramitaci\u00f3n de licencias de obra).<\/span><\/li><li><span style=\"color: #000000;\"><strong>Asesoramiento t\u00e9cnico y legal<\/strong> (cumplimiento normativo, estudios de viabilidad).<\/span><\/li><li><span style=\"color: #000000;\"><strong>Mantenimiento de edificios<\/strong> (revisi\u00f3n peri\u00f3dica de instalaciones, reparaci\u00f3n preventiva).<\/span><\/li><\/ul><p>\u00a0<\/p>\t\t\t\t\t\t\t\t<\/div>\n\t\t\t\t<\/div>\n\t\t\t\t\t<\/div>\n\t\t\t\t<\/div>\n\t\t\t\t<\/div>\n\t\t","protected":false},"excerpt":{"rendered":"<p>Nuestros Servicios CONSTRUCCI\u00d3N Obra nueva residencial (viviendas unifamiliares, edificios de apartamentos). Obra nueva comercial o industrial (naves industriales, oficinas, locales [&hellip;]<\/p>\n","protected":false},"author":1,"featured_media":0,"parent":0,"menu_order":0,"comment_status":"closed","ping_status":"closed","template":"elementor_header_footer","meta":{"site-sidebar-layout":"no-sidebar","site-content-layout":"","ast-site-content-layout":"full-width-container","site-content-style":"default","site-sidebar-style":"default","ast-global-header-display":"","ast-banner-title-visibility":"","ast-main-header-display":"","ast-hfb-above-header-display":"","ast-hfb-below-header-display":"","ast-hfb-mobile-header-display":"","site-post-title":"disabled","ast-breadcrumbs-content":"","ast-featured-img":"disabled","footer-sml-layout":"","ast-disable-related-posts":"","theme-transparent-header-meta":"","adv-header-id-meta":"","stick-header-meta":"","header-above-stick-meta":"","header-main-stick-meta":"","header-below-stick-meta":"","astra-migrate-meta-layouts":"default","ast-page-background-enabled":"default","ast-page-background-meta":{"desktop":{"background-color":"var(--ast-global-color-5)","background-image":"","background-repeat":"repeat","background-position":"center center","background-size":"auto","background-attachment":"scroll","background-type":"","background-media":"","overlay-type":"","overlay-color":"","overlay-opacity":"","overlay-gradient":""},"tablet":{"background-color":"","background-image":"","background-repeat":"repeat","background-position":"center center","background-size":"auto","background-attachment":"scroll","background-type":"","background-media":"","overlay-type":"","overlay-color":"","overlay-opacity":"","overlay-gradient":""},"mobile":{"background-color":"","background-image":"","background-repeat":"repeat","background-position":"center center","background-size":"auto","background-attachment":"scroll","background-type":"","background-media":"","overlay-type":"","overlay-color":"","overlay-opacity":"","overlay-gradient":""}},"ast-content-background-meta":{"desktop":{"background-color":"var(--ast-global-color-4)","background-image":"","background-repeat":"repeat","background-position":"center center","background-size":"auto","background-attachment":"scroll","background-type":"","background-media":"","overlay-type":"","overlay-color":"","overlay-opacity":"","overlay-gradient":""},"tablet":{"background-color":"var(--ast-global-color-4)","background-image":"","background-repeat":"repeat","background-position":"center center","background-size":"auto","background-attachment":"scroll","background-type":"","background-media":"","overlay-type":"","overlay-color":"","overlay-opacity":"","overlay-gradient":""},"mobile":{"background-color":"var(--ast-global-color-4)","background-image":"","background-repeat":"repeat","background-position":"center center","background-size":"auto","background-attachment":"scroll","background-type":"","background-media":"","overlay-type":"","overlay-color":"","overlay-opacity":"","overlay-gradient":""}},"footnotes":""},"class_list":["post-124","page","type-page","status-publish","hentry"],"_links":{"self":[{"href":"https:\/\/jcarrionconstrucciones.es\/index.php?rest_route=\/wp\/v2\/pages\/124","targetHints":{"allow":["GET"]}}],"collection":[{"href":"https:\/\/jcarrionconstrucciones.es\/index.php?rest_route=\/wp\/v2\/pages"}],"about":[{"href":"https:\/\/jcarrionconstrucciones.es\/index.php?rest_route=\/wp\/v2\/types\/page"}],"author":[{"embeddable":true,"href":"https:\/\/jcarrionconstrucciones.es\/index.php?rest_route=\/wp\/v2\/users\/1"}],"replies":[{"embeddable":true,"href":"https:\/\/jcarrionconstrucciones.es\/index.php?rest_route=%2Fwp%2Fv2%2Fcomments&post=124"}],"version-history":[{"count":52,"href":"https:\/\/jcarrionconstrucciones.es\/index.php?rest_route=\/wp\/v2\/pages\/124\/revisions"}],"predecessor-version":[{"id":272,"href":"https:\/\/jcarrionconstrucciones.es\/index.php?rest_route=\/wp\/v2\/pages\/124\/revisions\/272"}],"wp:attachment":[{"href":"https:\/\/jcarrionconstrucciones.es\/index.php?rest_route=%2Fwp%2Fv2%2Fmedia&parent=124"}],"curies":[{"name":"wp","href":"https:\/\/api.w.org\/{rel}","templated":true}]}}