{"id":7,"date":"2020-12-03T16:36:33","date_gmt":"2020-12-03T16:36:33","guid":{"rendered":"https:\/\/jcarrionconstrucciones.es\/?page_id=7"},"modified":"2025-03-04T17:41:04","modified_gmt":"2025-03-04T17:41:04","slug":"acerca-de","status":"publish","type":"page","link":"https:\/\/jcarrionconstrucciones.es\/?page_id=7","title":{"rendered":"Acerca de"},"content":{"rendered":"\t\t<div data-elementor-type=\"wp-page\" data-elementor-id=\"7\" class=\"elementor elementor-7\">\n\t\t\t\t<div class=\"elementor-element elementor-element-09d11a5 e-con-full e-flex e-con e-parent\" data-id=\"09d11a5\" data-element_type=\"container\" data-settings=\"{&quot;background_background&quot;:&quot;classic&quot;}\">\n\t\t\t\t<div class=\"elementor-element elementor-element-c3abe33 elementor-widget__width-inherit elementor-widget elementor-widget-heading\" data-id=\"c3abe33\" data-element_type=\"widget\" data-widget_type=\"heading.default\">\n\t\t\t\t<div class=\"elementor-widget-container\">\n\t\t\t\t\t<h2 class=\"elementor-heading-title elementor-size-default\">Sobre Nosotros<\/h2>\t\t\t\t<\/div>\n\t\t\t\t<\/div>\n\t\t\t\t<\/div>\n\t\t<div class=\"elementor-element elementor-element-79252f66 e-flex e-con-boxed e-con e-parent\" data-id=\"79252f66\" data-element_type=\"container\">\n\t\t\t\t\t<div class=\"e-con-inner\">\n\t\t\t\t<div class=\"elementor-element elementor-element-5a7577d elementor-widget elementor-widget-text-editor\" data-id=\"5a7577d\" data-element_type=\"widget\" data-widget_type=\"text-editor.default\">\n\t\t\t\t<div class=\"elementor-widget-container\">\n\t\t\t\t\t\t\t\t\t<p class=\"has-text-align-left\"><span style=\"color: #000000;\"><strong>J. Carri\u00f3n Construcciones y Reformas<\/strong> nace en el a\u00f1o 1995 en la ciudad de Orgiva con la visi\u00f3n de ofrecer servicios integrales en el sector de la construcci\u00f3n y reformas de viviendas residenciales, viviendas rurales, locales comerciales, naves industriales o agr\u00edcolas, servicios de obras p\u00fablicas.<\/span><\/p>\n<p class=\"has-text-align-left\"><span style=\"color: #000000;\">Realizamos tus proyectos, rehabilitaci\u00f3n u optimizaci\u00f3n de espacios con el compromiso de brindar soluciones integrales a todas tus necesidades en obras y reformas<\/span><\/p>\n<p><span style=\"color: #000000;\">Con la experiencia de los a\u00f1os de actividad y con nuestra premisa de respetar el medio ambiente, nuestra empresa se ha convertido\u00a0 en una de las principales del sector tanto a nivel local c\u00f3mo a nivel provincial.<\/span><\/p>\t\t\t\t\t\t\t\t<\/div>\n\t\t\t\t<\/div>\n\t\t\t\t\t<\/div>\n\t\t\t\t<\/div>\n\t\t<div class=\"elementor-element elementor-element-21b4f63 e-con-full e-flex e-con e-parent\" data-id=\"21b4f63\" data-element_type=\"container\">\n\t\t\t\t<div class=\"elementor-element elementor-element-4fdb0d6 elementor-widget__width-inherit elementor-widget elementor-widget-image\" data-id=\"4fdb0d6\" data-element_type=\"widget\" data-widget_type=\"image.default\">\n\t\t\t\t<div class=\"elementor-widget-container\">\n\t\t\t\t\t\t\t\t\t\t\t\t\t\t\t<img fetchpriority=\"high\" decoding=\"async\" width=\"620\" height=\"385\" src=\"https:\/\/jcarrionconstrucciones.es\/wp-content\/uploads\/2020\/12\/306079548_1.jpg\" class=\"attachment-large size-large wp-image-42\" alt=\"\" srcset=\"https:\/\/jcarrionconstrucciones.es\/wp-content\/uploads\/2020\/12\/306079548_1.jpg 620w, https:\/\/jcarrionconstrucciones.es\/wp-content\/uploads\/2020\/12\/306079548_1-300x186.jpg 300w\" sizes=\"(max-width: 620px) 100vw, 620px\" \/>\t\t\t\t\t\t\t\t\t\t\t\t\t\t\t<\/div>\n\t\t\t\t<\/div>\n\t\t\t\t<\/div>\n\t\t\t\t<\/div>\n\t\t","protected":false},"excerpt":{"rendered":"<p>Sobre Nosotros J. Carri\u00f3n Construcciones y Reformas nace en el a\u00f1o 1995 en la ciudad de Orgiva con la visi\u00f3n [&hellip;]<\/p>\n","protected":false},"author":1,"featured_media":0,"parent":0,"menu_order":0,"comment_status":"closed","ping_status":"closed","template":"","meta":{"site-sidebar-layout":"default","site-content-layout":"","ast-site-content-layout":"","site-content-style":"default","site-sidebar-style":"default","ast-global-header-display":"","ast-banner-title-visibility":"","ast-main-header-display":"","ast-hfb-above-header-display":"","ast-hfb-below-header-display":"","ast-hfb-mobile-header-display":"","site-post-title":"disabled","ast-breadcrumbs-content":"","ast-featured-img":"","footer-sml-layout":"","ast-disable-related-posts":"","theme-transparent-header-meta":"","adv-header-id-meta":"","stick-header-meta":"","header-above-stick-meta":"","header-main-stick-meta":"","header-below-stick-meta":"","astra-migrate-meta-layouts":"default","ast-page-background-enabled":"default","ast-page-background-meta":{"desktop":{"background-color":"var(--ast-global-color-5)","background-image":"","background-repeat":"repeat","background-position":"center center","background-size":"auto","background-attachment":"scroll","background-type":"","background-media":"","overlay-type":"","overlay-color":"","overlay-opacity":"","overlay-gradient":""},"tablet":{"background-color":"","background-image":"","background-repeat":"repeat","background-position":"center center","background-size":"auto","background-attachment":"scroll","background-type":"","background-media":"","overlay-type":"","overlay-color":"","overlay-opacity":"","overlay-gradient":""},"mobile":{"background-color":"","background-image":"","background-repeat":"repeat","background-position":"center center","background-size":"auto","background-attachment":"scroll","background-type":"","background-media":"","overlay-type":"","overlay-color":"","overlay-opacity":"","overlay-gradient":""}},"ast-content-background-meta":{"desktop":{"background-color":"var(--ast-global-color-4)","background-image":"","background-repeat":"repeat","background-position":"center center","background-size":"auto","background-attachment":"scroll","background-type":"","background-media":"","overlay-type":"","overlay-color":"","overlay-opacity":"","overlay-gradient":""},"tablet":{"background-color":"var(--ast-global-color-4)","background-image":"","background-repeat":"repeat","background-position":"center center","background-size":"auto","background-attachment":"scroll","background-type":"","background-media":"","overlay-type":"","overlay-color":"","overlay-opacity":"","overlay-gradient":""},"mobile":{"background-color":"var(--ast-global-color-4)","background-image":"","background-repeat":"repeat","background-position":"center center","background-size":"auto","background-attachment":"scroll","background-type":"","background-media":"","overlay-type":"","overlay-color":"","overlay-opacity":"","overlay-gradient":""}},"footnotes":""},"class_list":["post-7","page","type-page","status-publish","hentry"],"_links":{"self":[{"href":"https:\/\/jcarrionconstrucciones.es\/index.php?rest_route=\/wp\/v2\/pages\/7","targetHints":{"allow":["GET"]}}],"collection":[{"href":"https:\/\/jcarrionconstrucciones.es\/index.php?rest_route=\/wp\/v2\/pages"}],"about":[{"href":"https:\/\/jcarrionconstrucciones.es\/index.php?rest_route=\/wp\/v2\/types\/page"}],"author":[{"embeddable":true,"href":"https:\/\/jcarrionconstrucciones.es\/index.php?rest_route=\/wp\/v2\/users\/1"}],"replies":[{"embeddable":true,"href":"https:\/\/jcarrionconstrucciones.es\/index.php?rest_route=%2Fwp%2Fv2%2Fcomments&post=7"}],"version-history":[{"count":23,"href":"https:\/\/jcarrionconstrucciones.es\/index.php?rest_route=\/wp\/v2\/pages\/7\/revisions"}],"predecessor-version":[{"id":250,"href":"https:\/\/jcarrionconstrucciones.es\/index.php?rest_route=\/wp\/v2\/pages\/7\/revisions\/250"}],"wp:attachment":[{"href":"https:\/\/jcarrionconstrucciones.es\/index.php?rest_route=%2Fwp%2Fv2%2Fmedia&parent=7"}],"curies":[{"name":"wp","href":"https:\/\/api.w.org\/{rel}","templated":true}]}}